{"id":27676,"date":"2014-10-23T08:41:34","date_gmt":"2014-10-23T12:41:34","guid":{"rendered":"https:\/\/rbmorneau.acxcomdev.com\/exterior-finishing\/"},"modified":"2026-04-16T16:18:44","modified_gmt":"2026-04-16T20:18:44","slug":"exterior-finishing","status":"publish","type":"page","link":"https:\/\/www.renovationsrbmorneau.com\/en\/exterior-finishing\/","title":{"rendered":"Exterior Finishing"},"content":{"rendered":"<div id=\"pl-27676\"  class=\"panel-layout\" ><div id=\"pg-27676-0\"  class=\"panel-grid panel-no-style\" ><div id=\"pgc-27676-0-0\"  class=\"panel-grid-cell\" ><div id=\"panel-27676-0-0-0\" class=\"so-panel widget widget_black-studio-tinymce widget_black_studio_tinymce panel-first-child panel-last-child\" data-index=\"0\" ><div class=\"textwidget\"><p>Changing the exterior appearance of a home is a way to beautify its packaging while improving its insulation and energy conservation. Today, we can find several exterior cladding materials for all tastes and budgets. By using a general contractor like us, you opt for quality and warranty on material and labor, something a big box store can not offer you. We have the expertise and experience in the sale and installation of exterior cladding. Here are all the choices that are offered to you.<\/p>\n<p><strong><u>Exterior coating materials:<\/u><\/strong>\u00a0:<\/p>\n<ul>\n<li>Aluminum (durability, several color choices, less expensive)<\/li>\n<li>Vinyl (durability, several color choices, less expensive, easy maintenance)<\/li>\n<li>Canexel or KWP (wooden decking boards: choice of vertical or horizontal planks, warm look, durability, insulation factor, ease of maintenance)<\/li>\n<li>Fibro cement (Several colors available, insulation factor, durability)<\/li>\n<li>Acrylic (Several colors available, insulation factor, durability)<\/li>\n<li>Brick and stone (exemplary durability, insulation factor, several colors and patterns, real estate value)<\/li>\n<\/ul>\n<p>Obviously with the installation of these materials we also offer several other complementary services:<\/p>\n<ul>\n<li>Insulation before the installation of the exterior cladding (urethane, rigid, ...)<\/li>\n<li>Gutters<\/li>\n<li>Fascia<\/li>\n<li>Festoon<\/li>\n<li>Caulking<\/li>\n<\/ul>\n<\/div><\/div><\/div><\/div><div id=\"pg-27676-1\"  class=\"panel-grid panel-no-style\" ><div id=\"pgc-27676-1-0\"  class=\"panel-grid-cell\" ><div id=\"panel-27676-1-0-0\" class=\"so-panel widget widget_black-studio-tinymce widget_black_studio_tinymce panel-first-child panel-last-child\" data-index=\"1\" ><h3 class=\"widget-title\">Project #1<\/h3><div class=\"textwidget\"><\/div><\/div><\/div><\/div><div id=\"pg-27676-2\"  class=\"panel-grid panel-no-style\" ><div id=\"pgc-27676-2-0\"  class=\"panel-grid-cell\" ><div id=\"panel-27676-2-0-0\" class=\"so-panel widget widget_black-studio-tinymce widget_black_studio_tinymce panel-first-child\" data-index=\"2\" ><div class=\"textwidget\"><p><figure id=\"attachment_2947\" aria-describedby=\"caption-attachment-2947\" style=\"width: 300px\" class=\"wp-caption aligncenter\"><a href=\"https:\/\/www.renovationsrbmorneau.com\/wp-content\/uploads\/2019\/04\/Job-Denis-Briard-avant.jpg\"><img loading=\"lazy\" decoding=\"async\" class=\"size-medium wp-image-2947\" src=\"https:\/\/www.renovationsrbmorneau.com\/wp-content\/uploads\/2019\/04\/Job-Denis-Briard-avant-300x197.jpg\" alt=\"\" width=\"300\" height=\"197\" srcset=\"https:\/\/www.renovationsrbmorneau.com\/wp-content\/uploads\/2019\/04\/Job-Denis-Briard-avant-300x197.jpg 300w, https:\/\/www.renovationsrbmorneau.com\/wp-content\/uploads\/2019\/04\/Job-Denis-Briard-avant-768x503.jpg 768w, https:\/\/www.renovationsrbmorneau.com\/wp-content\/uploads\/2019\/04\/Job-Denis-Briard-avant.jpg 1024w, https:\/\/www.renovationsrbmorneau.com\/wp-content\/uploads\/2019\/04\/Job-Denis-Briard-avant-555x364.jpg 555w\" sizes=\"auto, (max-width: 300px) 100vw, 300px\" \/><\/a><figcaption id=\"caption-attachment-2947\" class=\"wp-caption-text\">Before<\/figcaption><\/figure><\/p>\n<\/div><\/div><div id=\"panel-27676-2-0-1\" class=\"so-panel widget widget_black-studio-tinymce widget_black_studio_tinymce panel-last-child\" data-index=\"3\" ><div class=\"textwidget\"><p><figure id=\"attachment_2948\" aria-describedby=\"caption-attachment-2948\" style=\"width: 300px\" class=\"wp-caption aligncenter\"><a href=\"https:\/\/www.renovationsrbmorneau.com\/wp-content\/uploads\/2019\/04\/Job-Denis-Briard-avant2.jpg\"><img loading=\"lazy\" decoding=\"async\" class=\"size-medium wp-image-2948\" src=\"https:\/\/www.renovationsrbmorneau.com\/wp-content\/uploads\/2019\/04\/Job-Denis-Briard-avant2-300x199.jpg\" alt=\"\" width=\"300\" height=\"199\" srcset=\"https:\/\/www.renovationsrbmorneau.com\/wp-content\/uploads\/2019\/04\/Job-Denis-Briard-avant2-300x199.jpg 300w, https:\/\/www.renovationsrbmorneau.com\/wp-content\/uploads\/2019\/04\/Job-Denis-Briard-avant2-768x509.jpg 768w, https:\/\/www.renovationsrbmorneau.com\/wp-content\/uploads\/2019\/04\/Job-Denis-Briard-avant2.jpg 1024w, https:\/\/www.renovationsrbmorneau.com\/wp-content\/uploads\/2019\/04\/Job-Denis-Briard-avant2-555x368.jpg 555w\" sizes=\"auto, (max-width: 300px) 100vw, 300px\" \/><\/a><figcaption id=\"caption-attachment-2948\" class=\"wp-caption-text\">Before<\/figcaption><\/figure><\/p>\n<\/div><\/div><\/div><div id=\"pgc-27676-2-1\"  class=\"panel-grid-cell\" ><div id=\"panel-27676-2-1-0\" class=\"so-panel widget widget_black-studio-tinymce widget_black_studio_tinymce panel-first-child\" data-index=\"4\" ><div class=\"textwidget\"><p><figure id=\"attachment_2945\" aria-describedby=\"caption-attachment-2945\" style=\"width: 300px\" class=\"wp-caption aligncenter\"><a href=\"https:\/\/www.renovationsrbmorneau.com\/wp-content\/uploads\/2019\/04\/Job-Denis-Briard-apr\u00e8s.jpg\"><img loading=\"lazy\" decoding=\"async\" class=\"size-medium wp-image-2945\" src=\"https:\/\/www.renovationsrbmorneau.com\/wp-content\/uploads\/2019\/04\/Job-Denis-Briard-apr\u00e8s-300x200.jpg\" alt=\"\" width=\"300\" height=\"200\" srcset=\"https:\/\/www.renovationsrbmorneau.com\/wp-content\/uploads\/2019\/04\/Job-Denis-Briard-apr\u00e8s-300x200.jpg 300w, https:\/\/www.renovationsrbmorneau.com\/wp-content\/uploads\/2019\/04\/Job-Denis-Briard-apr\u00e8s-768x512.jpg 768w, https:\/\/www.renovationsrbmorneau.com\/wp-content\/uploads\/2019\/04\/Job-Denis-Briard-apr\u00e8s.jpg 1024w, https:\/\/www.renovationsrbmorneau.com\/wp-content\/uploads\/2019\/04\/Job-Denis-Briard-apr\u00e8s-555x370.jpg 555w\" sizes=\"auto, (max-width: 300px) 100vw, 300px\" \/><\/a><figcaption id=\"caption-attachment-2945\" class=\"wp-caption-text\">After<\/figcaption><\/figure><\/p>\n<\/div><\/div><div id=\"panel-27676-2-1-1\" class=\"so-panel widget widget_black-studio-tinymce widget_black_studio_tinymce panel-last-child\" data-index=\"5\" ><div class=\"textwidget\"><p><figure id=\"attachment_2946\" aria-describedby=\"caption-attachment-2946\" style=\"width: 300px\" class=\"wp-caption aligncenter\"><a href=\"https:\/\/www.renovationsrbmorneau.com\/wp-content\/uploads\/2019\/04\/Job-Denis-Briard-apr\u00e8s2.jpg\"><img loading=\"lazy\" decoding=\"async\" class=\"size-medium wp-image-2946\" src=\"https:\/\/www.renovationsrbmorneau.com\/wp-content\/uploads\/2019\/04\/Job-Denis-Briard-apr\u00e8s2-300x200.jpg\" alt=\"\" width=\"300\" height=\"200\" srcset=\"https:\/\/www.renovationsrbmorneau.com\/wp-content\/uploads\/2019\/04\/Job-Denis-Briard-apr\u00e8s2-300x200.jpg 300w, https:\/\/www.renovationsrbmorneau.com\/wp-content\/uploads\/2019\/04\/Job-Denis-Briard-apr\u00e8s2-768x512.jpg 768w, https:\/\/www.renovationsrbmorneau.com\/wp-content\/uploads\/2019\/04\/Job-Denis-Briard-apr\u00e8s2.jpg 1024w, https:\/\/www.renovationsrbmorneau.com\/wp-content\/uploads\/2019\/04\/Job-Denis-Briard-apr\u00e8s2-555x370.jpg 555w\" sizes=\"auto, (max-width: 300px) 100vw, 300px\" \/><\/a><figcaption id=\"caption-attachment-2946\" class=\"wp-caption-text\">After<\/figcaption><\/figure><\/p>\n<\/div><\/div><\/div><\/div><div id=\"pg-27676-3\"  class=\"panel-grid panel-no-style\" ><div id=\"pgc-27676-3-0\"  class=\"panel-grid-cell\" ><div id=\"panel-27676-3-0-0\" class=\"so-panel widget widget_black-studio-tinymce widget_black_studio_tinymce panel-first-child panel-last-child\" data-index=\"6\" ><h3 class=\"widget-title\">Project #2<\/h3><div class=\"textwidget\"><\/div><\/div><\/div><\/div><div id=\"pg-27676-4\"  class=\"panel-grid panel-no-style\" ><div id=\"pgc-27676-4-0\"  class=\"panel-grid-cell\" ><div id=\"panel-27676-4-0-0\" class=\"so-panel widget widget_black-studio-tinymce widget_black_studio_tinymce panel-first-child\" data-index=\"7\" ><div class=\"textwidget\"><p><figure id=\"attachment_2940\" aria-describedby=\"caption-attachment-2940\" style=\"width: 300px\" class=\"wp-caption aligncenter\"><a href=\"https:\/\/www.renovationsrbmorneau.com\/wp-content\/uploads\/2019\/04\/Rev\u00eatement-ext\u00e9rieur-1.jpg\"><img loading=\"lazy\" decoding=\"async\" class=\"size-medium wp-image-2940\" src=\"https:\/\/www.renovationsrbmorneau.com\/wp-content\/uploads\/2019\/04\/Rev\u00eatement-ext\u00e9rieur-1-300x215.jpg\" alt=\"\" width=\"300\" height=\"215\" srcset=\"https:\/\/www.renovationsrbmorneau.com\/wp-content\/uploads\/2019\/04\/Rev\u00eatement-ext\u00e9rieur-1-300x215.jpg 300w, https:\/\/www.renovationsrbmorneau.com\/wp-content\/uploads\/2019\/04\/Rev\u00eatement-ext\u00e9rieur-1-768x551.jpg 768w, https:\/\/www.renovationsrbmorneau.com\/wp-content\/uploads\/2019\/04\/Rev\u00eatement-ext\u00e9rieur-1.jpg 1024w, https:\/\/www.renovationsrbmorneau.com\/wp-content\/uploads\/2019\/04\/Rev\u00eatement-ext\u00e9rieur-1-555x398.jpg 555w\" sizes=\"auto, (max-width: 300px) 100vw, 300px\" \/><\/a><figcaption id=\"caption-attachment-2940\" class=\"wp-caption-text\">Before<\/figcaption><\/figure><\/p>\n<\/div><\/div><div id=\"panel-27676-4-0-1\" class=\"so-panel widget widget_black-studio-tinymce widget_black_studio_tinymce panel-last-child\" data-index=\"8\" ><div class=\"textwidget\"><p><figure id=\"attachment_2943\" aria-describedby=\"caption-attachment-2943\" style=\"width: 300px\" class=\"wp-caption aligncenter\"><a href=\"https:\/\/www.renovationsrbmorneau.com\/wp-content\/uploads\/2019\/04\/Rev\u00eatement-ext\u00e9rieur-2.jpg\"><img loading=\"lazy\" decoding=\"async\" class=\"size-medium wp-image-2943\" src=\"https:\/\/www.renovationsrbmorneau.com\/wp-content\/uploads\/2019\/04\/Rev\u00eatement-ext\u00e9rieur-2-300x183.jpg\" alt=\"\" width=\"300\" height=\"183\" srcset=\"https:\/\/www.renovationsrbmorneau.com\/wp-content\/uploads\/2019\/04\/Rev\u00eatement-ext\u00e9rieur-2-300x183.jpg 300w, https:\/\/www.renovationsrbmorneau.com\/wp-content\/uploads\/2019\/04\/Rev\u00eatement-ext\u00e9rieur-2-768x470.jpg 768w, https:\/\/www.renovationsrbmorneau.com\/wp-content\/uploads\/2019\/04\/Rev\u00eatement-ext\u00e9rieur-2.jpg 1024w, https:\/\/www.renovationsrbmorneau.com\/wp-content\/uploads\/2019\/04\/Rev\u00eatement-ext\u00e9rieur-2-555x339.jpg 555w\" sizes=\"auto, (max-width: 300px) 100vw, 300px\" \/><\/a><figcaption id=\"caption-attachment-2943\" class=\"wp-caption-text\">Before<\/figcaption><\/figure><\/p>\n<\/div><\/div><\/div><div id=\"pgc-27676-4-1\"  class=\"panel-grid-cell\" ><div id=\"panel-27676-4-1-0\" class=\"so-panel widget widget_black-studio-tinymce widget_black_studio_tinymce panel-first-child\" data-index=\"9\" ><div class=\"textwidget\"><p><figure id=\"attachment_2941\" aria-describedby=\"caption-attachment-2941\" style=\"width: 300px\" class=\"wp-caption aligncenter\"><a href=\"https:\/\/www.renovationsrbmorneau.com\/wp-content\/uploads\/2019\/04\/Rev\u00eatement-ext\u00e9rieur-apr\u00e8s1.jpg\"><img loading=\"lazy\" decoding=\"async\" class=\"size-medium wp-image-2941\" src=\"https:\/\/www.renovationsrbmorneau.com\/wp-content\/uploads\/2019\/04\/Rev\u00eatement-ext\u00e9rieur-apr\u00e8s1-300x211.jpg\" alt=\"\" width=\"300\" height=\"211\" srcset=\"https:\/\/www.renovationsrbmorneau.com\/wp-content\/uploads\/2019\/04\/Rev\u00eatement-ext\u00e9rieur-apr\u00e8s1-300x211.jpg 300w, https:\/\/www.renovationsrbmorneau.com\/wp-content\/uploads\/2019\/04\/Rev\u00eatement-ext\u00e9rieur-apr\u00e8s1-768x540.jpg 768w, https:\/\/www.renovationsrbmorneau.com\/wp-content\/uploads\/2019\/04\/Rev\u00eatement-ext\u00e9rieur-apr\u00e8s1.jpg 1024w, https:\/\/www.renovationsrbmorneau.com\/wp-content\/uploads\/2019\/04\/Rev\u00eatement-ext\u00e9rieur-apr\u00e8s1-555x390.jpg 555w\" sizes=\"auto, (max-width: 300px) 100vw, 300px\" \/><\/a><figcaption id=\"caption-attachment-2941\" class=\"wp-caption-text\">After<\/figcaption><\/figure><\/p>\n<\/div><\/div><div id=\"panel-27676-4-1-1\" class=\"so-panel widget widget_black-studio-tinymce widget_black_studio_tinymce panel-last-child\" data-index=\"10\" ><div class=\"textwidget\"><p><figure id=\"attachment_2944\" aria-describedby=\"caption-attachment-2944\" style=\"width: 300px\" class=\"wp-caption aligncenter\"><a href=\"https:\/\/www.renovationsrbmorneau.com\/wp-content\/uploads\/2019\/04\/Rev\u00eatement-ext\u00e9rieur-apr\u00e8s2.jpg\"><img loading=\"lazy\" decoding=\"async\" class=\"size-medium wp-image-2944\" src=\"https:\/\/www.renovationsrbmorneau.com\/wp-content\/uploads\/2019\/04\/Rev\u00eatement-ext\u00e9rieur-apr\u00e8s2-300x221.jpg\" alt=\"\" width=\"300\" height=\"221\" srcset=\"https:\/\/www.renovationsrbmorneau.com\/wp-content\/uploads\/2019\/04\/Rev\u00eatement-ext\u00e9rieur-apr\u00e8s2-300x221.jpg 300w, https:\/\/www.renovationsrbmorneau.com\/wp-content\/uploads\/2019\/04\/Rev\u00eatement-ext\u00e9rieur-apr\u00e8s2-768x566.jpg 768w, https:\/\/www.renovationsrbmorneau.com\/wp-content\/uploads\/2019\/04\/Rev\u00eatement-ext\u00e9rieur-apr\u00e8s2.jpg 1024w, https:\/\/www.renovationsrbmorneau.com\/wp-content\/uploads\/2019\/04\/Rev\u00eatement-ext\u00e9rieur-apr\u00e8s2-555x409.jpg 555w, https:\/\/www.renovationsrbmorneau.com\/wp-content\/uploads\/2019\/04\/Rev\u00eatement-ext\u00e9rieur-apr\u00e8s2-100x75.jpg 100w\" sizes=\"auto, (max-width: 300px) 100vw, 300px\" \/><\/a><figcaption id=\"caption-attachment-2944\" class=\"wp-caption-text\">After<\/figcaption><\/figure><\/p>\n<\/div><\/div><\/div><\/div><div id=\"pg-27676-5\"  class=\"panel-grid panel-no-style\" ><div id=\"pgc-27676-5-0\"  class=\"panel-grid-cell\" ><div id=\"panel-27676-5-0-0\" class=\"so-panel widget widget_black-studio-tinymce widget_black_studio_tinymce panel-first-child panel-last-child\" data-index=\"11\" ><h3 class=\"widget-title\">Project #3<\/h3><div class=\"textwidget\"><\/div><\/div><\/div><\/div><div id=\"pg-27676-6\"  class=\"panel-grid panel-no-style\" ><div id=\"pgc-27676-6-0\"  class=\"panel-grid-cell\" ><div id=\"panel-27676-6-0-0\" class=\"so-panel widget widget_black-studio-tinymce widget_black_studio_tinymce panel-first-child panel-last-child\" data-index=\"12\" ><div class=\"textwidget\"><p><figure id=\"attachment_2952\" aria-describedby=\"caption-attachment-2952\" style=\"width: 300px\" class=\"wp-caption aligncenter\"><a href=\"https:\/\/www.renovationsrbmorneau.com\/wp-content\/uploads\/2019\/04\/Job-R\u00e9novations-045.jpg\"><img loading=\"lazy\" decoding=\"async\" class=\"size-medium wp-image-2952\" src=\"https:\/\/www.renovationsrbmorneau.com\/wp-content\/uploads\/2019\/04\/Job-R\u00e9novations-045-300x225.jpg\" alt=\"\" width=\"300\" height=\"225\" srcset=\"https:\/\/www.renovationsrbmorneau.com\/wp-content\/uploads\/2019\/04\/Job-R\u00e9novations-045-300x225.jpg 300w, https:\/\/www.renovationsrbmorneau.com\/wp-content\/uploads\/2019\/04\/Job-R\u00e9novations-045-768x576.jpg 768w, https:\/\/www.renovationsrbmorneau.com\/wp-content\/uploads\/2019\/04\/Job-R\u00e9novations-045.jpg 1024w, https:\/\/www.renovationsrbmorneau.com\/wp-content\/uploads\/2019\/04\/Job-R\u00e9novations-045-555x416.jpg 555w, https:\/\/www.renovationsrbmorneau.com\/wp-content\/uploads\/2019\/04\/Job-R\u00e9novations-045-100x75.jpg 100w\" sizes=\"auto, (max-width: 300px) 100vw, 300px\" \/><\/a><figcaption id=\"caption-attachment-2952\" class=\"wp-caption-text\">Before<\/figcaption><\/figure><\/p>\n<\/div><\/div><\/div><div id=\"pgc-27676-6-1\"  class=\"panel-grid-cell\" ><div id=\"panel-27676-6-1-0\" class=\"so-panel widget widget_black-studio-tinymce widget_black_studio_tinymce panel-first-child panel-last-child\" data-index=\"13\" ><div class=\"textwidget\"><p><figure id=\"attachment_2953\" aria-describedby=\"caption-attachment-2953\" style=\"width: 225px\" class=\"wp-caption aligncenter\"><a href=\"https:\/\/www.renovationsrbmorneau.com\/wp-content\/uploads\/2019\/04\/Job-R\u00e9novations-134.jpg\"><img loading=\"lazy\" decoding=\"async\" class=\"size-medium wp-image-2953\" src=\"https:\/\/www.renovationsrbmorneau.com\/wp-content\/uploads\/2019\/04\/Job-R\u00e9novations-134-225x300.jpg\" alt=\"\" width=\"225\" height=\"300\" srcset=\"https:\/\/www.renovationsrbmorneau.com\/wp-content\/uploads\/2019\/04\/Job-R\u00e9novations-134-225x300.jpg 225w, https:\/\/www.renovationsrbmorneau.com\/wp-content\/uploads\/2019\/04\/Job-R\u00e9novations-134.jpg 768w, https:\/\/www.renovationsrbmorneau.com\/wp-content\/uploads\/2019\/04\/Job-R\u00e9novations-134-416x555.jpg 416w\" sizes=\"auto, (max-width: 225px) 100vw, 225px\" \/><\/a><figcaption id=\"caption-attachment-2953\" class=\"wp-caption-text\">After<\/figcaption><\/figure><\/p>\n<\/div><\/div><\/div><div id=\"pgc-27676-6-2\"  class=\"panel-grid-cell\" ><div id=\"panel-27676-6-2-0\" class=\"so-panel widget widget_black-studio-tinymce widget_black_studio_tinymce panel-first-child panel-last-child\" data-index=\"14\" ><div class=\"textwidget\"><p><figure id=\"attachment_2954\" aria-describedby=\"caption-attachment-2954\" style=\"width: 225px\" class=\"wp-caption aligncenter\"><a href=\"https:\/\/www.renovationsrbmorneau.com\/wp-content\/uploads\/2019\/04\/Job-R\u00e9novations-135.jpg\"><img loading=\"lazy\" decoding=\"async\" class=\"size-medium wp-image-2954\" src=\"https:\/\/www.renovationsrbmorneau.com\/wp-content\/uploads\/2019\/04\/Job-R\u00e9novations-135-225x300.jpg\" alt=\"\" width=\"225\" height=\"300\" srcset=\"https:\/\/www.renovationsrbmorneau.com\/wp-content\/uploads\/2019\/04\/Job-R\u00e9novations-135-225x300.jpg 225w, https:\/\/www.renovationsrbmorneau.com\/wp-content\/uploads\/2019\/04\/Job-R\u00e9novations-135.jpg 768w, https:\/\/www.renovationsrbmorneau.com\/wp-content\/uploads\/2019\/04\/Job-R\u00e9novations-135-416x555.jpg 416w\" sizes=\"auto, (max-width: 225px) 100vw, 225px\" \/><\/a><figcaption id=\"caption-attachment-2954\" class=\"wp-caption-text\">After<\/figcaption><\/figure><\/p>\n<\/div><\/div><\/div><\/div><div id=\"pg-27676-7\"  class=\"panel-grid panel-no-style\" ><div id=\"pgc-27676-7-0\"  class=\"panel-grid-cell\" ><div id=\"panel-27676-7-0-0\" class=\"so-panel widget widget_black-studio-tinymce widget_black_studio_tinymce panel-first-child panel-last-child\" data-index=\"15\" ><h3 class=\"widget-title\">Various Projects<\/h3><div class=\"textwidget\"><\/div><\/div><\/div><\/div><div id=\"pg-27676-8\"  class=\"panel-grid panel-no-style\" ><div id=\"pgc-27676-8-0\"  class=\"panel-grid-cell\" ><div id=\"panel-27676-8-0-0\" class=\"so-panel widget widget_black-studio-tinymce widget_black_studio_tinymce panel-first-child panel-last-child\" data-index=\"16\" ><div class=\"textwidget\"><p><a href=\"https:\/\/www.renovationsrbmorneau.com\/wp-content\/uploads\/2019\/04\/13-08-2013-266.jpg\"><img loading=\"lazy\" decoding=\"async\" class=\"aligncenter size-medium wp-image-2955\" src=\"https:\/\/www.renovationsrbmorneau.com\/wp-content\/uploads\/2019\/04\/13-08-2013-266-225x300.jpg\" alt=\"\" width=\"225\" height=\"300\" srcset=\"https:\/\/www.renovationsrbmorneau.com\/wp-content\/uploads\/2019\/04\/13-08-2013-266-225x300.jpg 225w, https:\/\/www.renovationsrbmorneau.com\/wp-content\/uploads\/2019\/04\/13-08-2013-266.jpg 768w, https:\/\/www.renovationsrbmorneau.com\/wp-content\/uploads\/2019\/04\/13-08-2013-266-416x555.jpg 416w\" sizes=\"auto, (max-width: 225px) 100vw, 225px\" \/><\/a><\/p>\n<\/div><\/div><\/div><div id=\"pgc-27676-8-1\"  class=\"panel-grid-cell\" ><div id=\"panel-27676-8-1-0\" class=\"so-panel widget widget_black-studio-tinymce widget_black_studio_tinymce panel-first-child panel-last-child\" data-index=\"17\" ><div class=\"textwidget\"><p><a href=\"https:\/\/www.renovationsrbmorneau.com\/wp-content\/uploads\/2019\/04\/13-08-2013-268.jpg\"><img loading=\"lazy\" decoding=\"async\" class=\"aligncenter size-medium wp-image-2956\" src=\"https:\/\/www.renovationsrbmorneau.com\/wp-content\/uploads\/2019\/04\/13-08-2013-268-225x300.jpg\" alt=\"\" width=\"225\" height=\"300\" srcset=\"https:\/\/www.renovationsrbmorneau.com\/wp-content\/uploads\/2019\/04\/13-08-2013-268-225x300.jpg 225w, https:\/\/www.renovationsrbmorneau.com\/wp-content\/uploads\/2019\/04\/13-08-2013-268.jpg 768w, https:\/\/www.renovationsrbmorneau.com\/wp-content\/uploads\/2019\/04\/13-08-2013-268-416x555.jpg 416w\" sizes=\"auto, (max-width: 225px) 100vw, 225px\" \/><\/a><\/p>\n<\/div><\/div><\/div><div id=\"pgc-27676-8-2\"  class=\"panel-grid-cell\" ><div id=\"panel-27676-8-2-0\" class=\"so-panel widget widget_black-studio-tinymce widget_black_studio_tinymce panel-first-child panel-last-child\" data-index=\"18\" ><div class=\"textwidget\"><p><a href=\"https:\/\/www.renovationsrbmorneau.com\/wp-content\/uploads\/2019\/04\/P1010104.jpg\"><img loading=\"lazy\" decoding=\"async\" class=\"aligncenter size-medium wp-image-2957\" src=\"https:\/\/www.renovationsrbmorneau.com\/wp-content\/uploads\/2019\/04\/P1010104-300x225.jpg\" alt=\"\" width=\"300\" height=\"225\" srcset=\"https:\/\/www.renovationsrbmorneau.com\/wp-content\/uploads\/2019\/04\/P1010104-300x225.jpg 300w, https:\/\/www.renovationsrbmorneau.com\/wp-content\/uploads\/2019\/04\/P1010104-768x576.jpg 768w, https:\/\/www.renovationsrbmorneau.com\/wp-content\/uploads\/2019\/04\/P1010104.jpg 1024w, https:\/\/www.renovationsrbmorneau.com\/wp-content\/uploads\/2019\/04\/P1010104-555x416.jpg 555w, https:\/\/www.renovationsrbmorneau.com\/wp-content\/uploads\/2019\/04\/P1010104-100x75.jpg 100w\" sizes=\"auto, (max-width: 300px) 100vw, 300px\" \/><\/a><\/p>\n<\/div><\/div><\/div><div id=\"pgc-27676-8-3\"  class=\"panel-grid-cell\" ><div id=\"panel-27676-8-3-0\" class=\"so-panel widget widget_black-studio-tinymce widget_black_studio_tinymce panel-first-child panel-last-child\" data-index=\"19\" ><div class=\"textwidget\"><p><a href=\"https:\/\/www.renovationsrbmorneau.com\/wp-content\/uploads\/2019\/04\/P1010105.jpg\"><img loading=\"lazy\" decoding=\"async\" class=\"aligncenter size-medium wp-image-2958\" src=\"https:\/\/www.renovationsrbmorneau.com\/wp-content\/uploads\/2019\/04\/P1010105-300x225.jpg\" alt=\"\" width=\"300\" height=\"225\" srcset=\"https:\/\/www.renovationsrbmorneau.com\/wp-content\/uploads\/2019\/04\/P1010105-300x225.jpg 300w, https:\/\/www.renovationsrbmorneau.com\/wp-content\/uploads\/2019\/04\/P1010105-768x576.jpg 768w, https:\/\/www.renovationsrbmorneau.com\/wp-content\/uploads\/2019\/04\/P1010105.jpg 1024w, https:\/\/www.renovationsrbmorneau.com\/wp-content\/uploads\/2019\/04\/P1010105-555x416.jpg 555w, https:\/\/www.renovationsrbmorneau.com\/wp-content\/uploads\/2019\/04\/P1010105-100x75.jpg 100w\" sizes=\"auto, (max-width: 300px) 100vw, 300px\" \/><\/a><\/p>\n<\/div><\/div><\/div><div id=\"pgc-27676-8-4\"  class=\"panel-grid-cell\" ><div id=\"panel-27676-8-4-0\" class=\"so-panel widget widget_black-studio-tinymce widget_black_studio_tinymce panel-first-child panel-last-child\" data-index=\"20\" ><div class=\"textwidget\"><p><a href=\"https:\/\/www.renovationsrbmorneau.com\/wp-content\/uploads\/2019\/04\/P1010106.jpg\"><img loading=\"lazy\" decoding=\"async\" class=\"aligncenter size-medium wp-image-2959\" src=\"https:\/\/www.renovationsrbmorneau.com\/wp-content\/uploads\/2019\/04\/P1010106-300x225.jpg\" alt=\"\" width=\"300\" height=\"225\" srcset=\"https:\/\/www.renovationsrbmorneau.com\/wp-content\/uploads\/2019\/04\/P1010106-300x225.jpg 300w, https:\/\/www.renovationsrbmorneau.com\/wp-content\/uploads\/2019\/04\/P1010106-768x576.jpg 768w, https:\/\/www.renovationsrbmorneau.com\/wp-content\/uploads\/2019\/04\/P1010106.jpg 1024w, https:\/\/www.renovationsrbmorneau.com\/wp-content\/uploads\/2019\/04\/P1010106-555x416.jpg 555w, https:\/\/www.renovationsrbmorneau.com\/wp-content\/uploads\/2019\/04\/P1010106-100x75.jpg 100w\" sizes=\"auto, (max-width: 300px) 100vw, 300px\" \/><\/a><\/p>\n<\/div><\/div><\/div><\/div><\/div>","protected":false},"excerpt":{"rendered":"<p>Changer l\u2019apparence ext\u00e9rieure maison est une fa\u00e7on d\u2019embellir son emballage tout en am\u00e9liorant son isolation et sa conservation \u00e9nerg\u00e9tique. <\/p>\n","protected":false},"author":1,"featured_media":27426,"parent":0,"menu_order":0,"comment_status":"closed","ping_status":"open","template":"","meta":{"_acf_changed":false,"footnotes":""},"class_list":["post-27676","page","type-page","status-publish","has-post-thumbnail","hentry"],"acf":[],"_links":{"self":[{"href":"https:\/\/www.renovationsrbmorneau.com\/en\/wp-json\/wp\/v2\/pages\/27676","targetHints":{"allow":["GET"]}}],"collection":[{"href":"https:\/\/www.renovationsrbmorneau.com\/en\/wp-json\/wp\/v2\/pages"}],"about":[{"href":"https:\/\/www.renovationsrbmorneau.com\/en\/wp-json\/wp\/v2\/types\/page"}],"author":[{"embeddable":true,"href":"https:\/\/www.renovationsrbmorneau.com\/en\/wp-json\/wp\/v2\/users\/1"}],"replies":[{"embeddable":true,"href":"https:\/\/www.renovationsrbmorneau.com\/en\/wp-json\/wp\/v2\/comments?post=27676"}],"version-history":[{"count":10,"href":"https:\/\/www.renovationsrbmorneau.com\/en\/wp-json\/wp\/v2\/pages\/27676\/revisions"}],"predecessor-version":[{"id":27848,"href":"https:\/\/www.renovationsrbmorneau.com\/en\/wp-json\/wp\/v2\/pages\/27676\/revisions\/27848"}],"wp:featuredmedia":[{"embeddable":true,"href":"https:\/\/www.renovationsrbmorneau.com\/en\/wp-json\/wp\/v2\/media\/27426"}],"wp:attachment":[{"href":"https:\/\/www.renovationsrbmorneau.com\/en\/wp-json\/wp\/v2\/media?parent=27676"}],"curies":[{"name":"wp","href":"https:\/\/api.w.org\/{rel}","templated":true}]}}