{"id":27681,"date":"2014-10-23T09:24:42","date_gmt":"2014-10-23T09:24:42","guid":{"rendered":"https:\/\/rbmorneau.acxcomdev.com\/interior-finishing\/"},"modified":"2025-02-04T20:48:22","modified_gmt":"2025-02-04T20:48:22","slug":"interior-finishing","status":"publish","type":"page","link":"https:\/\/www.renovationsrbmorneau.com\/en\/interior-finishing\/","title":{"rendered":"Interior Finishing"},"content":{"rendered":"<div id=\"pl-27681\"  class=\"panel-layout\" ><div id=\"pg-27681-0\"  class=\"panel-grid panel-no-style\" ><div id=\"pgc-27681-0-0\"  class=\"panel-grid-cell\" ><div id=\"panel-27681-0-0-0\" class=\"so-panel widget widget_black-studio-tinymce widget_black_studio_tinymce panel-first-child\" data-index=\"0\" ><h3 class=\"widget-title\">Turnkey projects<\/h3><div class=\"textwidget\"><div class=\"textwidget\">\n<p>When we have the mandate to do interior renovations at a client's house, we look at all these aspects to make sure the project runs smoothly.<\/p>\n<ul>\n<li>Needs<\/li>\n<li>Taste<\/li>\n<li>Budget<\/li>\n<li>Investment for resale in the future<\/li>\n<li>Time<\/li>\n<\/ul>\n<p>Once all these aspects are well established, the communication is clear and the objectives too. The contractor has the role of project leader, performing several steps and ensuring that the quality and conformity of the work are done in accordance with construction standards. Interior renovation is a title for projects of different sizes.<\/p>\n<ul>\n<li>Major renovation (demolition, restructuring of interior divisions)<\/li>\n<li>Redevelopment of rooms in your house<\/li>\n<li>Kitchen<\/li>\n<li>Bathroom<\/li>\n<li>Basement finish<\/li>\n<li>Water damage or disaster recovery<\/li>\n<li>Change floors (hardwood, heated, floating, ceramic)<\/li>\n<li>Interior finish (woodwork, stairs, painting, moldings, wardrobe storage)<\/li>\n<\/ul>\n<p>Whatever your project, we have a very wide range of products that we sell and are available at our showroom open by appointment. We can also install the products provided by the customer. We can realize turnkey projects or at the stage that the customer wants. We adapt according to the customer's requests.<\/p>\n<p>Call us for a free quote! You can make your turnkey projects at the stage that the customer wants. We adapt to the customer's requests.Call us for a free quote!<\/p><\/div>\n<\/div><\/div><div id=\"panel-27681-0-0-1\" class=\"so-panel widget widget_black-studio-tinymce widget_black_studio_tinymce\" data-index=\"1\" ><h3 class=\"widget-title\">Bathroom renovations<\/h3><div class=\"textwidget\"><p><a href=\"https:\/\/www.renovationsrbmorneau.com\/wp-content\/uploads\/2019\/04\/27-10-2013-287.jpg\"><img loading=\"lazy\" decoding=\"async\" class=\"alignleft size-medium wp-image-2894\" src=\"https:\/\/www.renovationsrbmorneau.com\/wp-content\/uploads\/2019\/04\/27-10-2013-287-225x300.jpg\" alt=\"\" width=\"225\" height=\"300\" srcset=\"https:\/\/www.renovationsrbmorneau.com\/wp-content\/uploads\/2019\/04\/27-10-2013-287-225x300.jpg 225w, https:\/\/www.renovationsrbmorneau.com\/wp-content\/uploads\/2019\/04\/27-10-2013-287.jpg 768w, https:\/\/www.renovationsrbmorneau.com\/wp-content\/uploads\/2019\/04\/27-10-2013-287-416x555.jpg 416w\" sizes=\"auto, (max-width: 225px) 100vw, 225px\" \/><\/a><a href=\"https:\/\/www.renovationsrbmorneau.com\/wp-content\/uploads\/2019\/04\/27-10-2013-288.jpg\"><img loading=\"lazy\" decoding=\"async\" class=\"alignleft size-medium wp-image-2895\" src=\"https:\/\/www.renovationsrbmorneau.com\/wp-content\/uploads\/2019\/04\/27-10-2013-288-225x300.jpg\" alt=\"\" width=\"225\" height=\"300\" srcset=\"https:\/\/www.renovationsrbmorneau.com\/wp-content\/uploads\/2019\/04\/27-10-2013-288-225x300.jpg 225w, https:\/\/www.renovationsrbmorneau.com\/wp-content\/uploads\/2019\/04\/27-10-2013-288.jpg 768w, https:\/\/www.renovationsrbmorneau.com\/wp-content\/uploads\/2019\/04\/27-10-2013-288-416x555.jpg 416w\" sizes=\"auto, (max-width: 225px) 100vw, 225px\" \/><\/a><a href=\"https:\/\/www.renovationsrbmorneau.com\/wp-content\/uploads\/2019\/04\/27-10-2013-289.jpg\"><img loading=\"lazy\" decoding=\"async\" class=\"alignleft size-medium wp-image-2896\" src=\"https:\/\/www.renovationsrbmorneau.com\/wp-content\/uploads\/2019\/04\/27-10-2013-289-225x300.jpg\" alt=\"\" width=\"225\" height=\"300\" srcset=\"https:\/\/www.renovationsrbmorneau.com\/wp-content\/uploads\/2019\/04\/27-10-2013-289-225x300.jpg 225w, https:\/\/www.renovationsrbmorneau.com\/wp-content\/uploads\/2019\/04\/27-10-2013-289.jpg 768w, https:\/\/www.renovationsrbmorneau.com\/wp-content\/uploads\/2019\/04\/27-10-2013-289-416x555.jpg 416w\" sizes=\"auto, (max-width: 225px) 100vw, 225px\" \/><\/a><a href=\"https:\/\/www.renovationsrbmorneau.com\/wp-content\/uploads\/2019\/04\/27-10-2013-290.jpg\"><img loading=\"lazy\" decoding=\"async\" class=\"alignleft size-medium wp-image-2897\" src=\"https:\/\/www.renovationsrbmorneau.com\/wp-content\/uploads\/2019\/04\/27-10-2013-290-225x300.jpg\" alt=\"\" width=\"225\" height=\"300\" srcset=\"https:\/\/www.renovationsrbmorneau.com\/wp-content\/uploads\/2019\/04\/27-10-2013-290-225x300.jpg 225w, https:\/\/www.renovationsrbmorneau.com\/wp-content\/uploads\/2019\/04\/27-10-2013-290.jpg 768w, https:\/\/www.renovationsrbmorneau.com\/wp-content\/uploads\/2019\/04\/27-10-2013-290-416x555.jpg 416w\" sizes=\"auto, (max-width: 225px) 100vw, 225px\" \/><\/a><\/p>\n<\/div><\/div><div id=\"panel-27681-0-0-2\" class=\"so-panel widget widget_black-studio-tinymce widget_black_studio_tinymce\" data-index=\"2\" ><h3 class=\"widget-title\">Kitchen renovations<\/h3><div class=\"textwidget\"><p><a href=\"https:\/\/www.renovationsrbmorneau.com\/wp-content\/uploads\/2019\/04\/DSC00026-1.jpg\"><img loading=\"lazy\" decoding=\"async\" class=\"alignleft size-medium wp-image-2903\" src=\"https:\/\/www.renovationsrbmorneau.com\/wp-content\/uploads\/2019\/04\/DSC00026-1-300x225.jpg\" alt=\"\" width=\"300\" height=\"225\" srcset=\"https:\/\/www.renovationsrbmorneau.com\/wp-content\/uploads\/2019\/04\/DSC00026-1-300x225.jpg 300w, https:\/\/www.renovationsrbmorneau.com\/wp-content\/uploads\/2019\/04\/DSC00026-1-768x576.jpg 768w, https:\/\/www.renovationsrbmorneau.com\/wp-content\/uploads\/2019\/04\/DSC00026-1.jpg 1024w, https:\/\/www.renovationsrbmorneau.com\/wp-content\/uploads\/2019\/04\/DSC00026-1-555x416.jpg 555w, https:\/\/www.renovationsrbmorneau.com\/wp-content\/uploads\/2019\/04\/DSC00026-1-100x75.jpg 100w\" sizes=\"auto, (max-width: 300px) 100vw, 300px\" \/><\/a> <a href=\"https:\/\/www.renovationsrbmorneau.com\/wp-content\/uploads\/2019\/04\/DSC00025.jpg\"><img loading=\"lazy\" decoding=\"async\" class=\"alignleft size-medium wp-image-2906\" src=\"https:\/\/www.renovationsrbmorneau.com\/wp-content\/uploads\/2019\/04\/DSC00025-300x225.jpg\" alt=\"\" width=\"300\" height=\"225\" srcset=\"https:\/\/www.renovationsrbmorneau.com\/wp-content\/uploads\/2019\/04\/DSC00025-300x225.jpg 300w, https:\/\/www.renovationsrbmorneau.com\/wp-content\/uploads\/2019\/04\/DSC00025-768x576.jpg 768w, https:\/\/www.renovationsrbmorneau.com\/wp-content\/uploads\/2019\/04\/DSC00025.jpg 1024w, https:\/\/www.renovationsrbmorneau.com\/wp-content\/uploads\/2019\/04\/DSC00025-555x416.jpg 555w, https:\/\/www.renovationsrbmorneau.com\/wp-content\/uploads\/2019\/04\/DSC00025-100x75.jpg 100w\" sizes=\"auto, (max-width: 300px) 100vw, 300px\" \/><\/a><a href=\"https:\/\/www.renovationsrbmorneau.com\/wp-content\/uploads\/2019\/04\/DSC00060.jpg\"><img loading=\"lazy\" decoding=\"async\" class=\"alignleft  wp-image-2910\" src=\"https:\/\/www.renovationsrbmorneau.com\/wp-content\/uploads\/2019\/04\/DSC00060-300x169.jpg\" alt=\"\" width=\"398\" height=\"224\" srcset=\"https:\/\/www.renovationsrbmorneau.com\/wp-content\/uploads\/2019\/04\/DSC00060-300x169.jpg 300w, https:\/\/www.renovationsrbmorneau.com\/wp-content\/uploads\/2019\/04\/DSC00060-768x432.jpg 768w, https:\/\/www.renovationsrbmorneau.com\/wp-content\/uploads\/2019\/04\/DSC00060-1024x576.jpg 1024w, https:\/\/www.renovationsrbmorneau.com\/wp-content\/uploads\/2019\/04\/DSC00060-848x480.jpg 848w, https:\/\/www.renovationsrbmorneau.com\/wp-content\/uploads\/2019\/04\/DSC00060-360x202.jpg 360w, https:\/\/www.renovationsrbmorneau.com\/wp-content\/uploads\/2019\/04\/DSC00060-555x312.jpg 555w, https:\/\/www.renovationsrbmorneau.com\/wp-content\/uploads\/2019\/04\/DSC00060.jpg 1920w\" sizes=\"auto, (max-width: 398px) 100vw, 398px\" \/><\/a><\/p>\n<\/div><\/div><div id=\"panel-27681-0-0-3\" class=\"so-panel widget widget_black-studio-tinymce widget_black_studio_tinymce panel-last-child\" data-index=\"3\" ><h3 class=\"widget-title\">Various renovations<\/h3><div class=\"textwidget\"><p><a href=\"https:\/\/www.renovationsrbmorneau.com\/wp-content\/uploads\/2019\/04\/Chambre3.jpg\"><img loading=\"lazy\" decoding=\"async\" class=\"alignleft size-medium wp-image-2911\" src=\"https:\/\/www.renovationsrbmorneau.com\/wp-content\/uploads\/2019\/04\/Chambre3-300x225.jpg\" alt=\"\" width=\"300\" height=\"225\" srcset=\"https:\/\/www.renovationsrbmorneau.com\/wp-content\/uploads\/2019\/04\/Chambre3-300x225.jpg 300w, https:\/\/www.renovationsrbmorneau.com\/wp-content\/uploads\/2019\/04\/Chambre3-555x416.jpg 555w, https:\/\/www.renovationsrbmorneau.com\/wp-content\/uploads\/2019\/04\/Chambre3-100x75.jpg 100w, https:\/\/www.renovationsrbmorneau.com\/wp-content\/uploads\/2019\/04\/Chambre3.jpg 600w\" sizes=\"auto, (max-width: 300px) 100vw, 300px\" \/><\/a> <a href=\"https:\/\/www.renovationsrbmorneau.com\/wp-content\/uploads\/2019\/04\/Escalier-apr\u00e8s3.jpg\"><img loading=\"lazy\" decoding=\"async\" class=\"alignleft size-medium wp-image-2912\" src=\"https:\/\/www.renovationsrbmorneau.com\/wp-content\/uploads\/2019\/04\/Escalier-apr\u00e8s3-300x225.jpg\" alt=\"\" width=\"300\" height=\"225\" srcset=\"https:\/\/www.renovationsrbmorneau.com\/wp-content\/uploads\/2019\/04\/Escalier-apr\u00e8s3-300x225.jpg 300w, https:\/\/www.renovationsrbmorneau.com\/wp-content\/uploads\/2019\/04\/Escalier-apr\u00e8s3-555x416.jpg 555w, https:\/\/www.renovationsrbmorneau.com\/wp-content\/uploads\/2019\/04\/Escalier-apr\u00e8s3-100x75.jpg 100w, https:\/\/www.renovationsrbmorneau.com\/wp-content\/uploads\/2019\/04\/Escalier-apr\u00e8s3.jpg 600w\" sizes=\"auto, (max-width: 300px) 100vw, 300px\" \/><\/a><a href=\"https:\/\/www.renovationsrbmorneau.com\/wp-content\/uploads\/2019\/04\/job-C\u00f4t\u00e9-apr\u00e8s3.jpeg\"><img loading=\"lazy\" decoding=\"async\" class=\"alignleft size-medium wp-image-2916\" src=\"https:\/\/www.renovationsrbmorneau.com\/wp-content\/uploads\/2019\/04\/job-C\u00f4t\u00e9-apr\u00e8s3-300x225.jpeg\" alt=\"\" width=\"300\" height=\"225\" srcset=\"https:\/\/www.renovationsrbmorneau.com\/wp-content\/uploads\/2019\/04\/job-C\u00f4t\u00e9-apr\u00e8s3-300x225.jpeg 300w, https:\/\/www.renovationsrbmorneau.com\/wp-content\/uploads\/2019\/04\/job-C\u00f4t\u00e9-apr\u00e8s3-768x576.jpeg 768w, https:\/\/www.renovationsrbmorneau.com\/wp-content\/uploads\/2019\/04\/job-C\u00f4t\u00e9-apr\u00e8s3.jpeg 1024w, https:\/\/www.renovationsrbmorneau.com\/wp-content\/uploads\/2019\/04\/job-C\u00f4t\u00e9-apr\u00e8s3-555x416.jpeg 555w, https:\/\/www.renovationsrbmorneau.com\/wp-content\/uploads\/2019\/04\/job-C\u00f4t\u00e9-apr\u00e8s3-100x75.jpeg 100w\" sizes=\"auto, (max-width: 300px) 100vw, 300px\" \/><\/a><\/p>\n<p>&nbsp;<\/p>\n<p>&nbsp;<\/p>\n<p>&nbsp;<\/p>\n<p>&nbsp;<\/p>\n<p>&nbsp;<\/p>\n<p>&nbsp;<\/p>\n<p>&nbsp;<\/p>\n<p><a href=\"https:\/\/www.renovationsrbmorneau.com\/wp-content\/uploads\/2019\/04\/13-08-2013-074.jpg\"><img loading=\"lazy\" decoding=\"async\" class=\"alignleft size-medium wp-image-2913\" src=\"https:\/\/www.renovationsrbmorneau.com\/wp-content\/uploads\/2019\/04\/13-08-2013-074-225x300.jpg\" alt=\"\" width=\"225\" height=\"300\" srcset=\"https:\/\/www.renovationsrbmorneau.com\/wp-content\/uploads\/2019\/04\/13-08-2013-074-225x300.jpg 225w, https:\/\/www.renovationsrbmorneau.com\/wp-content\/uploads\/2019\/04\/13-08-2013-074.jpg 768w, https:\/\/www.renovationsrbmorneau.com\/wp-content\/uploads\/2019\/04\/13-08-2013-074-416x555.jpg 416w\" sizes=\"auto, (max-width: 225px) 100vw, 225px\" \/><\/a> <a href=\"https:\/\/www.renovationsrbmorneau.com\/wp-content\/uploads\/2019\/04\/photo-iphone-16122012-139.jpg\"><img loading=\"lazy\" decoding=\"async\" class=\"alignleft size-medium wp-image-2914\" src=\"https:\/\/www.renovationsrbmorneau.com\/wp-content\/uploads\/2019\/04\/photo-iphone-16122012-139-225x300.jpg\" alt=\"\" width=\"225\" height=\"300\" srcset=\"https:\/\/www.renovationsrbmorneau.com\/wp-content\/uploads\/2019\/04\/photo-iphone-16122012-139-225x300.jpg 225w, https:\/\/www.renovationsrbmorneau.com\/wp-content\/uploads\/2019\/04\/photo-iphone-16122012-139.jpg 768w, https:\/\/www.renovationsrbmorneau.com\/wp-content\/uploads\/2019\/04\/photo-iphone-16122012-139-416x555.jpg 416w\" sizes=\"auto, (max-width: 225px) 100vw, 225px\" \/><\/a> <a href=\"https:\/\/www.renovationsrbmorneau.com\/wp-content\/uploads\/2019\/04\/photo-iphone-16122012-166.jpg\"><img loading=\"lazy\" decoding=\"async\" class=\"alignleft size-medium wp-image-2915\" src=\"https:\/\/www.renovationsrbmorneau.com\/wp-content\/uploads\/2019\/04\/photo-iphone-16122012-166-225x300.jpg\" alt=\"\" width=\"225\" height=\"300\" srcset=\"https:\/\/www.renovationsrbmorneau.com\/wp-content\/uploads\/2019\/04\/photo-iphone-16122012-166-225x300.jpg 225w, https:\/\/www.renovationsrbmorneau.com\/wp-content\/uploads\/2019\/04\/photo-iphone-16122012-166.jpg 768w, https:\/\/www.renovationsrbmorneau.com\/wp-content\/uploads\/2019\/04\/photo-iphone-16122012-166-416x555.jpg 416w\" sizes=\"auto, (max-width: 225px) 100vw, 225px\" \/><\/a><\/p>\n<\/div><\/div><\/div><\/div><\/div>","protected":false},"excerpt":{"rendered":"<p>When we have the mandate to do interior renovations at a client&#8217;s house, we look at all these aspects to make sure the project runs smoothly.<\/p>\n","protected":false},"author":1,"featured_media":27510,"parent":0,"menu_order":0,"comment_status":"closed","ping_status":"open","template":"","meta":{"_acf_changed":false,"footnotes":""},"class_list":["post-27681","page","type-page","status-publish","has-post-thumbnail","hentry"],"acf":[],"_links":{"self":[{"href":"https:\/\/www.renovationsrbmorneau.com\/en\/wp-json\/wp\/v2\/pages\/27681","targetHints":{"allow":["GET"]}}],"collection":[{"href":"https:\/\/www.renovationsrbmorneau.com\/en\/wp-json\/wp\/v2\/pages"}],"about":[{"href":"https:\/\/www.renovationsrbmorneau.com\/en\/wp-json\/wp\/v2\/types\/page"}],"author":[{"embeddable":true,"href":"https:\/\/www.renovationsrbmorneau.com\/en\/wp-json\/wp\/v2\/users\/1"}],"replies":[{"embeddable":true,"href":"https:\/\/www.renovationsrbmorneau.com\/en\/wp-json\/wp\/v2\/comments?post=27681"}],"version-history":[{"count":4,"href":"https:\/\/www.renovationsrbmorneau.com\/en\/wp-json\/wp\/v2\/pages\/27681\/revisions"}],"predecessor-version":[{"id":27732,"href":"https:\/\/www.renovationsrbmorneau.com\/en\/wp-json\/wp\/v2\/pages\/27681\/revisions\/27732"}],"wp:featuredmedia":[{"embeddable":true,"href":"https:\/\/www.renovationsrbmorneau.com\/en\/wp-json\/wp\/v2\/media\/27510"}],"wp:attachment":[{"href":"https:\/\/www.renovationsrbmorneau.com\/en\/wp-json\/wp\/v2\/media?parent=27681"}],"curies":[{"name":"wp","href":"https:\/\/api.w.org\/{rel}","templated":true}]}}